{"id":14,"date":"2025-11-05T14:31:58","date_gmt":"2025-11-05T14:31:58","guid":{"rendered":"https:\/\/ferreteriaelchaflan.rkinformatika.online\/?page_id=14"},"modified":"2025-11-05T16:27:36","modified_gmt":"2025-11-05T16:27:36","slug":"productos","status":"publish","type":"page","link":"https:\/\/ferreteriaelchaflan.com\/en\/productos\/","title":{"rendered":"Products"},"content":{"rendered":"<div data-elementor-type=\"wp-page\" data-elementor-id=\"14\" class=\"elementor elementor-14\" data-elementor-post-type=\"page\">\n\t\t\t\t<div class=\"elementor-element elementor-element-408e010 e-flex e-con-boxed e-con e-parent\" data-id=\"408e010\" data-element_type=\"container\" data-e-type=\"container\" data-settings=\"{&quot;background_background&quot;:&quot;classic&quot;}\">\n\t\t\t\t\t<div class=\"e-con-inner\">\n\t\t\t\t<div class=\"elementor-element elementor-element-9dae32e elementor-widget elementor-widget-heading\" data-id=\"9dae32e\" data-element_type=\"widget\" data-e-type=\"widget\" data-widget_type=\"heading.default\">\n\t\t\t\t\t<h2 class=\"elementor-heading-title elementor-size-default\">Productos confiables<\/h2>\t\t\t\t<\/div>\n\t\t\t\t\t<\/div>\n\t\t\t\t<\/div>\n\t\t<div class=\"elementor-element elementor-element-1f9fc74 e-flex e-con-boxed e-con e-parent\" data-id=\"1f9fc74\" data-element_type=\"container\" data-e-type=\"container\">\n\t\t\t\t\t<div class=\"e-con-inner\">\n\t\t<div class=\"elementor-element elementor-element-c04a468 e-con-full e-flex e-con e-child\" data-id=\"c04a468\" data-element_type=\"container\" data-e-type=\"container\">\n\t\t\t\t<div class=\"elementor-element elementor-element-a49164f elementor-widget elementor-widget-heading\" data-id=\"a49164f\" data-element_type=\"widget\" data-e-type=\"widget\" data-widget_type=\"heading.default\">\n\t\t\t\t\t<h2 class=\"elementor-heading-title elementor-size-default\">Ferreter\u00eda general<\/h2>\t\t\t\t<\/div>\n\t\t\t\t<div class=\"elementor-element elementor-element-bf75a1b elementor-widget elementor-widget-text-editor\" data-id=\"bf75a1b\" data-element_type=\"widget\" data-e-type=\"widget\" data-widget_type=\"text-editor.default\">\n\t\t\t\t\t\t\t\t\t<p data-start=\"1401\" data-end=\"1488\">Torniller\u00eda, herramientas manuales, herrajes y accesorios.<\/p>\t\t\t\t\t\t\t\t<\/div>\n\t\t\t\t<\/div>\n\t\t<div class=\"elementor-element elementor-element-70d820d e-con-full e-flex e-con e-child\" data-id=\"70d820d\" data-element_type=\"container\" data-e-type=\"container\">\n\t\t\t\t<div class=\"elementor-element elementor-element-090e518 elementor-widget elementor-widget-image\" data-id=\"090e518\" data-element_type=\"widget\" data-e-type=\"widget\" data-widget_type=\"image.default\">\n\t\t\t\t\t\t\t\t\t\t\t\t\t\t\t<img fetchpriority=\"high\" decoding=\"async\" width=\"800\" height=\"462\" src=\"https:\/\/ferreteriaelchaflan.com\/wp-content\/uploads\/2025\/11\/480-1024x591.jpg\" class=\"attachment-large size-large wp-image-152\" alt=\"\" srcset=\"https:\/\/ferreteriaelchaflan.com\/wp-content\/uploads\/2025\/11\/480-1024x591.jpg 1024w, https:\/\/ferreteriaelchaflan.com\/wp-content\/uploads\/2025\/11\/480-300x173.jpg 300w, https:\/\/ferreteriaelchaflan.com\/wp-content\/uploads\/2025\/11\/480-768x443.jpg 768w, https:\/\/ferreteriaelchaflan.com\/wp-content\/uploads\/2025\/11\/480-18x10.jpg 18w, https:\/\/ferreteriaelchaflan.com\/wp-content\/uploads\/2025\/11\/480.jpg 1500w\" sizes=\"(max-width: 800px) 100vw, 800px\" \/>\t\t\t\t\t\t\t\t\t\t\t\t\t\t\t<\/div>\n\t\t\t\t<\/div>\n\t\t<div class=\"elementor-element elementor-element-4508b47 e-con-full e-flex e-con e-child\" data-id=\"4508b47\" data-element_type=\"container\" data-e-type=\"container\">\n\t\t\t\t<div class=\"elementor-element elementor-element-5579a23 elementor-widget elementor-widget-image\" data-id=\"5579a23\" data-element_type=\"widget\" data-e-type=\"widget\" data-widget_type=\"image.default\">\n\t\t\t\t\t\t\t\t\t\t\t\t\t\t\t<img decoding=\"async\" width=\"800\" height=\"517\" src=\"https:\/\/ferreteriaelchaflan.com\/wp-content\/uploads\/2025\/11\/253338-1024x662.jpg\" class=\"attachment-large size-large wp-image-156\" alt=\"\" srcset=\"https:\/\/ferreteriaelchaflan.com\/wp-content\/uploads\/2025\/11\/253338-1024x662.jpg 1024w, https:\/\/ferreteriaelchaflan.com\/wp-content\/uploads\/2025\/11\/253338-300x194.jpg 300w, https:\/\/ferreteriaelchaflan.com\/wp-content\/uploads\/2025\/11\/253338-768x496.jpg 768w, https:\/\/ferreteriaelchaflan.com\/wp-content\/uploads\/2025\/11\/253338-18x12.jpg 18w, https:\/\/ferreteriaelchaflan.com\/wp-content\/uploads\/2025\/11\/253338.jpg 1500w\" sizes=\"(max-width: 800px) 100vw, 800px\" \/>\t\t\t\t\t\t\t\t\t\t\t\t\t\t\t<\/div>\n\t\t\t\t<\/div>\n\t\t<div class=\"elementor-element elementor-element-ddba6b9 e-con-full e-flex e-con e-child\" data-id=\"ddba6b9\" data-element_type=\"container\" data-e-type=\"container\">\n\t\t\t\t<div class=\"elementor-element elementor-element-2202eb5 elementor-widget elementor-widget-heading\" data-id=\"2202eb5\" data-element_type=\"widget\" data-e-type=\"widget\" data-widget_type=\"heading.default\">\n\t\t\t\t\t<h2 class=\"elementor-heading-title elementor-size-default\">Bricolaje<\/h2>\t\t\t\t<\/div>\n\t\t\t\t<div class=\"elementor-element elementor-element-4b9b833 elementor-widget elementor-widget-text-editor\" data-id=\"4b9b833\" data-element_type=\"widget\" data-e-type=\"widget\" data-widget_type=\"text-editor.default\">\n\t\t\t\t\t\t\t\t\t<p data-start=\"1491\" data-end=\"1581\">Utensilios, adhesivos, pinturas y productos para proyectos dom\u00e9sticos.<\/p>\t\t\t\t\t\t\t\t<\/div>\n\t\t\t\t<\/div>\n\t\t\t\t\t<\/div>\n\t\t\t\t<\/div>\n\t\t<div class=\"elementor-element elementor-element-d699f50 e-flex e-con-boxed e-con e-parent\" data-id=\"d699f50\" data-element_type=\"container\" data-e-type=\"container\">\n\t\t\t\t\t<div class=\"e-con-inner\">\n\t\t<div class=\"elementor-element elementor-element-10c8699 e-con-full e-flex e-con e-child\" data-id=\"10c8699\" data-element_type=\"container\" data-e-type=\"container\">\n\t\t\t\t<div class=\"elementor-element elementor-element-ee53165 elementor-widget elementor-widget-heading\" data-id=\"ee53165\" data-element_type=\"widget\" data-e-type=\"widget\" data-widget_type=\"heading.default\">\n\t\t\t\t\t<h2 class=\"elementor-heading-title elementor-size-default\">Jardiner\u00eda<\/h2>\t\t\t\t<\/div>\n\t\t\t\t<div class=\"elementor-element elementor-element-a5f2f6b elementor-widget elementor-widget-text-editor\" data-id=\"a5f2f6b\" data-element_type=\"widget\" data-e-type=\"widget\" data-widget_type=\"text-editor.default\">\n\t\t\t\t\t\t\t\t\t<p data-start=\"1584\" data-end=\"1685\">Maquinaria, sistemas de riego, productos de mantenimiento y decoraci\u00f3n exterior.<\/p>\t\t\t\t\t\t\t\t<\/div>\n\t\t\t\t<\/div>\n\t\t<div class=\"elementor-element elementor-element-b39bc3f e-con-full e-flex e-con e-child\" data-id=\"b39bc3f\" data-element_type=\"container\" data-e-type=\"container\">\n\t\t\t\t<div class=\"elementor-element elementor-element-ade7617 elementor-widget elementor-widget-image\" data-id=\"ade7617\" data-element_type=\"widget\" data-e-type=\"widget\" data-widget_type=\"image.default\">\n\t\t\t\t\t\t\t\t\t\t\t\t\t\t\t<img decoding=\"async\" width=\"800\" height=\"534\" src=\"https:\/\/ferreteriaelchaflan.com\/wp-content\/uploads\/2025\/11\/2148165250-1024x683.jpg\" class=\"attachment-large size-large wp-image-161\" alt=\"\" srcset=\"https:\/\/ferreteriaelchaflan.com\/wp-content\/uploads\/2025\/11\/2148165250-1024x683.jpg 1024w, https:\/\/ferreteriaelchaflan.com\/wp-content\/uploads\/2025\/11\/2148165250-300x200.jpg 300w, https:\/\/ferreteriaelchaflan.com\/wp-content\/uploads\/2025\/11\/2148165250-768x512.jpg 768w, https:\/\/ferreteriaelchaflan.com\/wp-content\/uploads\/2025\/11\/2148165250-18x12.jpg 18w, https:\/\/ferreteriaelchaflan.com\/wp-content\/uploads\/2025\/11\/2148165250.jpg 1500w\" sizes=\"(max-width: 800px) 100vw, 800px\" \/>\t\t\t\t\t\t\t\t\t\t\t\t\t\t\t<\/div>\n\t\t\t\t<\/div>\n\t\t<div class=\"elementor-element elementor-element-6ba5bce e-con-full e-flex e-con e-child\" data-id=\"6ba5bce\" data-element_type=\"container\" data-e-type=\"container\">\n\t\t\t\t<div class=\"elementor-element elementor-element-907a6ea elementor-widget elementor-widget-image\" data-id=\"907a6ea\" data-element_type=\"widget\" data-e-type=\"widget\" data-widget_type=\"image.default\">\n\t\t\t\t\t\t\t\t\t\t\t\t\t\t\t<img loading=\"lazy\" decoding=\"async\" width=\"800\" height=\"534\" src=\"https:\/\/ferreteriaelchaflan.com\/wp-content\/uploads\/2025\/11\/131721-1024x683.jpg\" class=\"attachment-large size-large wp-image-166\" alt=\"\" srcset=\"https:\/\/ferreteriaelchaflan.com\/wp-content\/uploads\/2025\/11\/131721-1024x683.jpg 1024w, https:\/\/ferreteriaelchaflan.com\/wp-content\/uploads\/2025\/11\/131721-300x200.jpg 300w, https:\/\/ferreteriaelchaflan.com\/wp-content\/uploads\/2025\/11\/131721-768x512.jpg 768w, https:\/\/ferreteriaelchaflan.com\/wp-content\/uploads\/2025\/11\/131721-18x12.jpg 18w, https:\/\/ferreteriaelchaflan.com\/wp-content\/uploads\/2025\/11\/131721.jpg 1500w\" sizes=\"(max-width: 800px) 100vw, 800px\" \/>\t\t\t\t\t\t\t\t\t\t\t\t\t\t\t<\/div>\n\t\t\t\t<\/div>\n\t\t<div class=\"elementor-element elementor-element-ef08402 e-con-full e-flex e-con e-child\" data-id=\"ef08402\" data-element_type=\"container\" data-e-type=\"container\">\n\t\t\t\t<div class=\"elementor-element elementor-element-cb99276 elementor-widget elementor-widget-heading\" data-id=\"cb99276\" data-element_type=\"widget\" data-e-type=\"widget\" data-widget_type=\"heading.default\">\n\t\t\t\t\t<h2 class=\"elementor-heading-title elementor-size-default\">Saneamiento y fontaner\u00eda<\/h2>\t\t\t\t<\/div>\n\t\t\t\t<div class=\"elementor-element elementor-element-6e01869 elementor-widget elementor-widget-text-editor\" data-id=\"6e01869\" data-element_type=\"widget\" data-e-type=\"widget\" data-widget_type=\"text-editor.default\">\n\t\t\t\t\t\t\t\t\t<p data-start=\"1688\" data-end=\"1780\">Tuber\u00edas, grifer\u00eda, sanitarios y soluciones para el ba\u00f1o.<\/p>\t\t\t\t\t\t\t\t<\/div>\n\t\t\t\t<\/div>\n\t\t\t\t\t<\/div>\n\t\t\t\t<\/div>\n\t\t<div class=\"elementor-element elementor-element-58fa310 e-flex e-con-boxed e-con e-parent\" data-id=\"58fa310\" data-element_type=\"container\" data-e-type=\"container\">\n\t\t\t\t\t<div class=\"e-con-inner\">\n\t\t<div class=\"elementor-element elementor-element-f14504a e-con-full e-flex e-con e-child\" data-id=\"f14504a\" data-element_type=\"container\" data-e-type=\"container\">\n\t\t\t\t<div class=\"elementor-element elementor-element-487973c elementor-widget elementor-widget-heading\" data-id=\"487973c\" data-element_type=\"widget\" data-e-type=\"widget\" data-widget_type=\"heading.default\">\n\t\t\t\t\t<h2 class=\"elementor-heading-title elementor-size-default\">Electricidad<\/h2>\t\t\t\t<\/div>\n\t\t\t\t<div class=\"elementor-element elementor-element-8d5efa6 elementor-widget elementor-widget-text-editor\" data-id=\"8d5efa6\" data-element_type=\"widget\" data-e-type=\"widget\" data-widget_type=\"text-editor.default\">\n\t\t\t\t\t\t\t\t\t<p data-start=\"1783\" data-end=\"1868\">Cableado, iluminaci\u00f3n, mecanismos, enchufes y material t\u00e9cnico.<\/p>\t\t\t\t\t\t\t\t<\/div>\n\t\t\t\t<\/div>\n\t\t<div class=\"elementor-element elementor-element-1365f1a e-con-full e-flex e-con e-child\" data-id=\"1365f1a\" data-element_type=\"container\" data-e-type=\"container\">\n\t\t\t\t<div class=\"elementor-element elementor-element-d0da869 elementor-widget elementor-widget-image\" data-id=\"d0da869\" data-element_type=\"widget\" data-e-type=\"widget\" data-widget_type=\"image.default\">\n\t\t\t\t\t\t\t\t\t\t\t\t\t\t\t<img loading=\"lazy\" decoding=\"async\" width=\"800\" height=\"534\" src=\"https:\/\/ferreteriaelchaflan.com\/wp-content\/uploads\/2025\/11\/24823-1024x683.jpg\" class=\"attachment-large size-large wp-image-167\" alt=\"\" srcset=\"https:\/\/ferreteriaelchaflan.com\/wp-content\/uploads\/2025\/11\/24823-1024x683.jpg 1024w, https:\/\/ferreteriaelchaflan.com\/wp-content\/uploads\/2025\/11\/24823-300x200.jpg 300w, https:\/\/ferreteriaelchaflan.com\/wp-content\/uploads\/2025\/11\/24823-768x512.jpg 768w, https:\/\/ferreteriaelchaflan.com\/wp-content\/uploads\/2025\/11\/24823-18x12.jpg 18w, https:\/\/ferreteriaelchaflan.com\/wp-content\/uploads\/2025\/11\/24823.jpg 1500w\" sizes=\"(max-width: 800px) 100vw, 800px\" \/>\t\t\t\t\t\t\t\t\t\t\t\t\t\t\t<\/div>\n\t\t\t\t<\/div>\n\t\t<div class=\"elementor-element elementor-element-e39ae84 e-con-full e-flex e-con e-child\" data-id=\"e39ae84\" data-element_type=\"container\" data-e-type=\"container\">\n\t\t\t\t<div class=\"elementor-element elementor-element-d26607c elementor-widget elementor-widget-image\" data-id=\"d26607c\" data-element_type=\"widget\" data-e-type=\"widget\" data-widget_type=\"image.default\">\n\t\t\t\t\t\t\t\t\t\t\t\t\t\t\t<img loading=\"lazy\" decoding=\"async\" width=\"800\" height=\"534\" src=\"https:\/\/ferreteriaelchaflan.com\/wp-content\/uploads\/2025\/11\/22568582-1024x683.jpg\" class=\"attachment-large size-large wp-image-171\" alt=\"\" srcset=\"https:\/\/ferreteriaelchaflan.com\/wp-content\/uploads\/2025\/11\/22568582-1024x683.jpg 1024w, https:\/\/ferreteriaelchaflan.com\/wp-content\/uploads\/2025\/11\/22568582-300x200.jpg 300w, https:\/\/ferreteriaelchaflan.com\/wp-content\/uploads\/2025\/11\/22568582-768x512.jpg 768w, https:\/\/ferreteriaelchaflan.com\/wp-content\/uploads\/2025\/11\/22568582-18x12.jpg 18w, https:\/\/ferreteriaelchaflan.com\/wp-content\/uploads\/2025\/11\/22568582.jpg 1500w\" sizes=\"(max-width: 800px) 100vw, 800px\" \/>\t\t\t\t\t\t\t\t\t\t\t\t\t\t\t<\/div>\n\t\t\t\t<\/div>\n\t\t<div class=\"elementor-element elementor-element-fbd9ab9 e-con-full e-flex e-con e-child\" data-id=\"fbd9ab9\" data-element_type=\"container\" data-e-type=\"container\">\n\t\t\t\t<div class=\"elementor-element elementor-element-033b0c5 elementor-widget elementor-widget-heading\" data-id=\"033b0c5\" data-element_type=\"widget\" data-e-type=\"widget\" data-widget_type=\"heading.default\">\n\t\t\t\t\t<h2 class=\"elementor-heading-title elementor-size-default\">Materiales de construcci\u00f3n<\/h2>\t\t\t\t<\/div>\n\t\t\t\t<div class=\"elementor-element elementor-element-e69e3e3 elementor-widget elementor-widget-text-editor\" data-id=\"e69e3e3\" data-element_type=\"widget\" data-e-type=\"widget\" data-widget_type=\"text-editor.default\">\n\t\t\t\t\t\t\t\t\t<p data-start=\"1871\" data-end=\"1993\">Cementos, aislamientos, productos de impermeabilizaci\u00f3n y herramientas profesionales.<\/p>\t\t\t\t\t\t\t\t<\/div>\n\t\t\t\t<\/div>\n\t\t\t\t\t<\/div>\n\t\t\t\t<\/div>\n\t\t<div class=\"elementor-element elementor-element-ccf8adf e-con-full e-flex e-con e-parent\" data-id=\"ccf8adf\" data-element_type=\"container\" data-e-type=\"container\" data-settings=\"{&quot;background_background&quot;:&quot;classic&quot;}\">\n\t\t\t\t<div class=\"elementor-element elementor-element-6f82aae elementor-cta--skin-cover elementor-animated-content elementor-bg-transform elementor-bg-transform-zoom-in elementor-widget elementor-widget-call-to-action\" data-id=\"6f82aae\" data-element_type=\"widget\" data-e-type=\"widget\" data-widget_type=\"call-to-action.default\">\n\t\t\t\t\t\t\t<div class=\"elementor-cta\">\n\t\t\t\t\t<div class=\"elementor-cta__bg-wrapper\">\n\t\t\t\t<div class=\"elementor-cta__bg elementor-bg\" style=\"background-image: url(https:\/\/ferreteriaelchaflan.com\/wp-content\/uploads\/2025\/11\/Captura-desde-2025-11-05-16-24-00-1024x470.png);\" role=\"img\" aria-label=\"Captura desde 2025-11-05 16-24-00\"><\/div>\n\t\t\t\t<div class=\"elementor-cta__bg-overlay\"><\/div>\n\t\t\t<\/div>\n\t\t\t\t\t\t\t<div class=\"elementor-cta__content\">\n\t\t\t\t\n\t\t\t\t\t\t\t\t\t<h2 class=\"elementor-cta__title elementor-cta__content-item elementor-content-item elementor-animated-item--grow\">\n\t\t\t\t\t\tEstamos aqu\u00ed para ayudarte\t\t\t\t\t<\/h2>\n\t\t\t\t\n\t\t\t\t\t\t\t\t\t<div class=\"elementor-cta__description elementor-cta__content-item elementor-content-item elementor-animated-item--grow\">\n\t\t\t\t\t\t\u00bfNecesita asesoramiento, un producto espec\u00edfico o un servicio de instalaci\u00f3n?\t\t\t\t\t<\/div>\n\t\t\t\t\n\t\t\t\t\t\t\t\t\t<div class=\"elementor-cta__button-wrapper elementor-cta__content-item elementor-content-item elementor-animated-item--grow\">\n\t\t\t\t\t<a class=\"elementor-cta__button elementor-button elementor-size-\" href=\"https:\/\/ferreteriaelchaflan.com\/en\/contacto\/\">\n\t\t\t\t\t\tCONTACTO\t\t\t\t\t<\/a>\n\t\t\t\t\t<\/div>\n\t\t\t\t\t\t\t<\/div>\n\t\t\t\t\t\t<\/div>\n\t\t\t\t\t\t<\/div>\n\t\t\t\t<\/div>\n\t\t\t\t<\/div>","protected":false},"excerpt":{"rendered":"<p>Productos confiables Ferreter\u00eda general Torniller\u00eda, herramientas manuales, herrajes y accesorios. Bricolaje Utensilios, adhesivos, pinturas y productos para proyectos dom\u00e9sticos. Jardiner\u00eda Maquinaria, sistemas de riego, productos de mantenimiento y decoraci\u00f3n exterior. Saneamiento y fontaner\u00eda Tuber\u00edas, grifer\u00eda, sanitarios y soluciones para el ba\u00f1o. Electricidad Cableado, iluminaci\u00f3n, mecanismos, enchufes y material t\u00e9cnico. Materiales de construcci\u00f3n Cementos, aislamientos, productos [&hellip;]<\/p>\n","protected":false},"author":1,"featured_media":0,"parent":0,"menu_order":0,"comment_status":"closed","ping_status":"closed","template":"elementor_canvas","meta":{"footnotes":""},"class_list":["post-14","page","type-page","status-publish","hentry"],"yoast_head":"<!-- This site is optimized with the Yoast SEO plugin v27.3 - https:\/\/yoast.com\/product\/yoast-seo-wordpress\/ -->\n<title>Productos - Ferreter\u00eda el Chaflan<\/title>\n<meta name=\"robots\" content=\"index, follow, max-snippet:-1, max-image-preview:large, max-video-preview:-1\" \/>\n<link rel=\"canonical\" href=\"https:\/\/ferreteriaelchaflan.com\/en\/productos\/\" \/>\n<meta property=\"og:locale\" content=\"en_GB\" \/>\n<meta property=\"og:type\" content=\"article\" \/>\n<meta property=\"og:title\" content=\"Productos - Ferreter\u00eda el Chaflan\" \/>\n<meta property=\"og:description\" content=\"Productos confiables Ferreter\u00eda general Torniller\u00eda, herramientas manuales, herrajes y accesorios. Bricolaje Utensilios, adhesivos, pinturas y productos para proyectos dom\u00e9sticos. Jardiner\u00eda Maquinaria, sistemas de riego, productos de mantenimiento y decoraci\u00f3n exterior. Saneamiento y fontaner\u00eda Tuber\u00edas, grifer\u00eda, sanitarios y soluciones para el ba\u00f1o. Electricidad Cableado, iluminaci\u00f3n, mecanismos, enchufes y material t\u00e9cnico. Materiales de construcci\u00f3n Cementos, aislamientos, productos [&hellip;]\" \/>\n<meta property=\"og:url\" content=\"https:\/\/ferreteriaelchaflan.com\/en\/productos\/\" \/>\n<meta property=\"og:site_name\" content=\"Ferreter\u00eda el Chaflan\" \/>\n<meta property=\"article:modified_time\" content=\"2025-11-05T16:27:36+00:00\" \/>\n<meta property=\"og:image\" content=\"https:\/\/ferreteriaelchaflan.com\/wp-content\/uploads\/2025\/11\/480.jpg\" \/>\n\t<meta property=\"og:image:width\" content=\"1500\" \/>\n\t<meta property=\"og:image:height\" content=\"865\" \/>\n\t<meta property=\"og:image:type\" content=\"image\/jpeg\" \/>\n<meta name=\"twitter:card\" content=\"summary_large_image\" \/>\n<meta name=\"twitter:label1\" content=\"Estimated reading time\" \/>\n\t<meta name=\"twitter:data1\" content=\"1 minute\" \/>\n<script type=\"application\/ld+json\" class=\"yoast-schema-graph\">{\"@context\":\"https:\\\/\\\/schema.org\",\"@graph\":[{\"@type\":\"WebPage\",\"@id\":\"https:\\\/\\\/ferreteriaelchaflan.com\\\/productos\\\/\",\"url\":\"https:\\\/\\\/ferreteriaelchaflan.com\\\/productos\\\/\",\"name\":\"Productos - Ferreter\u00eda el Chaflan\",\"isPartOf\":{\"@id\":\"https:\\\/\\\/ferreteriaelchaflan.com\\\/#website\"},\"primaryImageOfPage\":{\"@id\":\"https:\\\/\\\/ferreteriaelchaflan.com\\\/productos\\\/#primaryimage\"},\"image\":{\"@id\":\"https:\\\/\\\/ferreteriaelchaflan.com\\\/productos\\\/#primaryimage\"},\"thumbnailUrl\":\"https:\\\/\\\/ferreteriaelchaflan.com\\\/wp-content\\\/uploads\\\/2025\\\/11\\\/480-1024x591.jpg\",\"datePublished\":\"2025-11-05T14:31:58+00:00\",\"dateModified\":\"2025-11-05T16:27:36+00:00\",\"breadcrumb\":{\"@id\":\"https:\\\/\\\/ferreteriaelchaflan.com\\\/productos\\\/#breadcrumb\"},\"inLanguage\":\"en-GB\",\"potentialAction\":[{\"@type\":\"ReadAction\",\"target\":[\"https:\\\/\\\/ferreteriaelchaflan.com\\\/productos\\\/\"]}]},{\"@type\":\"ImageObject\",\"inLanguage\":\"en-GB\",\"@id\":\"https:\\\/\\\/ferreteriaelchaflan.com\\\/productos\\\/#primaryimage\",\"url\":\"https:\\\/\\\/ferreteriaelchaflan.com\\\/wp-content\\\/uploads\\\/2025\\\/11\\\/480-1024x591.jpg\",\"contentUrl\":\"https:\\\/\\\/ferreteriaelchaflan.com\\\/wp-content\\\/uploads\\\/2025\\\/11\\\/480-1024x591.jpg\"},{\"@type\":\"BreadcrumbList\",\"@id\":\"https:\\\/\\\/ferreteriaelchaflan.com\\\/productos\\\/#breadcrumb\",\"itemListElement\":[{\"@type\":\"ListItem\",\"position\":1,\"name\":\"Portada\",\"item\":\"https:\\\/\\\/ferreteriaelchaflan.com\\\/\"},{\"@type\":\"ListItem\",\"position\":2,\"name\":\"Productos\"}]},{\"@type\":\"WebSite\",\"@id\":\"https:\\\/\\\/ferreteriaelchaflan.com\\\/#website\",\"url\":\"https:\\\/\\\/ferreteriaelchaflan.com\\\/\",\"name\":\"Ferreter\u00eda el Chaflan\",\"description\":\"Ferreter\u00eda\",\"publisher\":{\"@id\":\"https:\\\/\\\/ferreteriaelchaflan.com\\\/#organization\"},\"potentialAction\":[{\"@type\":\"SearchAction\",\"target\":{\"@type\":\"EntryPoint\",\"urlTemplate\":\"https:\\\/\\\/ferreteriaelchaflan.com\\\/?s={search_term_string}\"},\"query-input\":{\"@type\":\"PropertyValueSpecification\",\"valueRequired\":true,\"valueName\":\"search_term_string\"}}],\"inLanguage\":\"en-GB\"},{\"@type\":\"Organization\",\"@id\":\"https:\\\/\\\/ferreteriaelchaflan.com\\\/#organization\",\"name\":\"Ferreter\u00eda el Chaflan\",\"url\":\"https:\\\/\\\/ferreteriaelchaflan.com\\\/\",\"logo\":{\"@type\":\"ImageObject\",\"inLanguage\":\"en-GB\",\"@id\":\"https:\\\/\\\/ferreteriaelchaflan.com\\\/#\\\/schema\\\/logo\\\/image\\\/\",\"url\":\"https:\\\/\\\/ferreteriaelchaflan.com\\\/wp-content\\\/uploads\\\/2025\\\/11\\\/cropped-ferreteriachaflan202509_logoarriba.jpg\",\"contentUrl\":\"https:\\\/\\\/ferreteriaelchaflan.com\\\/wp-content\\\/uploads\\\/2025\\\/11\\\/cropped-ferreteriachaflan202509_logoarriba.jpg\",\"width\":176,\"height\":176,\"caption\":\"Ferreter\u00eda el Chaflan\"},\"image\":{\"@id\":\"https:\\\/\\\/ferreteriaelchaflan.com\\\/#\\\/schema\\\/logo\\\/image\\\/\"}}]}<\/script>\n<!-- \/ Yoast SEO plugin. -->","yoast_head_json":{"title":"Productos - Ferreter\u00eda el Chaflan","robots":{"index":"index","follow":"follow","max-snippet":"max-snippet:-1","max-image-preview":"max-image-preview:large","max-video-preview":"max-video-preview:-1"},"canonical":"https:\/\/ferreteriaelchaflan.com\/en\/productos\/","og_locale":"en_GB","og_type":"article","og_title":"Productos - Ferreter\u00eda el Chaflan","og_description":"Productos confiables Ferreter\u00eda general Torniller\u00eda, herramientas manuales, herrajes y accesorios. Bricolaje Utensilios, adhesivos, pinturas y productos para proyectos dom\u00e9sticos. Jardiner\u00eda Maquinaria, sistemas de riego, productos de mantenimiento y decoraci\u00f3n exterior. Saneamiento y fontaner\u00eda Tuber\u00edas, grifer\u00eda, sanitarios y soluciones para el ba\u00f1o. Electricidad Cableado, iluminaci\u00f3n, mecanismos, enchufes y material t\u00e9cnico. Materiales de construcci\u00f3n Cementos, aislamientos, productos [&hellip;]","og_url":"https:\/\/ferreteriaelchaflan.com\/en\/productos\/","og_site_name":"Ferreter\u00eda el Chaflan","article_modified_time":"2025-11-05T16:27:36+00:00","og_image":[{"width":1500,"height":865,"url":"https:\/\/ferreteriaelchaflan.com\/wp-content\/uploads\/2025\/11\/480.jpg","type":"image\/jpeg"}],"twitter_card":"summary_large_image","twitter_misc":{"Estimated reading time":"1 minute"},"schema":{"@context":"https:\/\/schema.org","@graph":[{"@type":"WebPage","@id":"https:\/\/ferreteriaelchaflan.com\/productos\/","url":"https:\/\/ferreteriaelchaflan.com\/productos\/","name":"Productos - Ferreter\u00eda el Chaflan","isPartOf":{"@id":"https:\/\/ferreteriaelchaflan.com\/#website"},"primaryImageOfPage":{"@id":"https:\/\/ferreteriaelchaflan.com\/productos\/#primaryimage"},"image":{"@id":"https:\/\/ferreteriaelchaflan.com\/productos\/#primaryimage"},"thumbnailUrl":"https:\/\/ferreteriaelchaflan.com\/wp-content\/uploads\/2025\/11\/480-1024x591.jpg","datePublished":"2025-11-05T14:31:58+00:00","dateModified":"2025-11-05T16:27:36+00:00","breadcrumb":{"@id":"https:\/\/ferreteriaelchaflan.com\/productos\/#breadcrumb"},"inLanguage":"en-GB","potentialAction":[{"@type":"ReadAction","target":["https:\/\/ferreteriaelchaflan.com\/productos\/"]}]},{"@type":"ImageObject","inLanguage":"en-GB","@id":"https:\/\/ferreteriaelchaflan.com\/productos\/#primaryimage","url":"https:\/\/ferreteriaelchaflan.com\/wp-content\/uploads\/2025\/11\/480-1024x591.jpg","contentUrl":"https:\/\/ferreteriaelchaflan.com\/wp-content\/uploads\/2025\/11\/480-1024x591.jpg"},{"@type":"BreadcrumbList","@id":"https:\/\/ferreteriaelchaflan.com\/productos\/#breadcrumb","itemListElement":[{"@type":"ListItem","position":1,"name":"Portada","item":"https:\/\/ferreteriaelchaflan.com\/"},{"@type":"ListItem","position":2,"name":"Productos"}]},{"@type":"WebSite","@id":"https:\/\/ferreteriaelchaflan.com\/#website","url":"https:\/\/ferreteriaelchaflan.com\/","name":"Ferreter\u00eda el Chaflan","description":"Ferreter\u00eda","publisher":{"@id":"https:\/\/ferreteriaelchaflan.com\/#organization"},"potentialAction":[{"@type":"SearchAction","target":{"@type":"EntryPoint","urlTemplate":"https:\/\/ferreteriaelchaflan.com\/?s={search_term_string}"},"query-input":{"@type":"PropertyValueSpecification","valueRequired":true,"valueName":"search_term_string"}}],"inLanguage":"en-GB"},{"@type":"Organization","@id":"https:\/\/ferreteriaelchaflan.com\/#organization","name":"Ferreter\u00eda el Chaflan","url":"https:\/\/ferreteriaelchaflan.com\/","logo":{"@type":"ImageObject","inLanguage":"en-GB","@id":"https:\/\/ferreteriaelchaflan.com\/#\/schema\/logo\/image\/","url":"https:\/\/ferreteriaelchaflan.com\/wp-content\/uploads\/2025\/11\/cropped-ferreteriachaflan202509_logoarriba.jpg","contentUrl":"https:\/\/ferreteriaelchaflan.com\/wp-content\/uploads\/2025\/11\/cropped-ferreteriachaflan202509_logoarriba.jpg","width":176,"height":176,"caption":"Ferreter\u00eda el Chaflan"},"image":{"@id":"https:\/\/ferreteriaelchaflan.com\/#\/schema\/logo\/image\/"}}]}},"_links":{"self":[{"href":"https:\/\/ferreteriaelchaflan.com\/en\/wp-json\/wp\/v2\/pages\/14","targetHints":{"allow":["GET"]}}],"collection":[{"href":"https:\/\/ferreteriaelchaflan.com\/en\/wp-json\/wp\/v2\/pages"}],"about":[{"href":"https:\/\/ferreteriaelchaflan.com\/en\/wp-json\/wp\/v2\/types\/page"}],"author":[{"embeddable":true,"href":"https:\/\/ferreteriaelchaflan.com\/en\/wp-json\/wp\/v2\/users\/1"}],"replies":[{"embeddable":true,"href":"https:\/\/ferreteriaelchaflan.com\/en\/wp-json\/wp\/v2\/comments?post=14"}],"version-history":[{"count":31,"href":"https:\/\/ferreteriaelchaflan.com\/en\/wp-json\/wp\/v2\/pages\/14\/revisions"}],"predecessor-version":[{"id":226,"href":"https:\/\/ferreteriaelchaflan.com\/en\/wp-json\/wp\/v2\/pages\/14\/revisions\/226"}],"wp:attachment":[{"href":"https:\/\/ferreteriaelchaflan.com\/en\/wp-json\/wp\/v2\/media?parent=14"}],"curies":[{"name":"wp","href":"https:\/\/api.w.org\/{rel}","templated":true}]}}