{"id":11,"date":"2025-11-05T14:29:34","date_gmt":"2025-11-05T14:29:34","guid":{"rendered":"https:\/\/ferreteriaelchaflan.rkinformatika.online\/?page_id=11"},"modified":"2025-11-05T16:27:58","modified_gmt":"2025-11-05T16:27:58","slug":"inicio","status":"publish","type":"page","link":"https:\/\/ferreteriaelchaflan.com\/en\/","title":{"rendered":"Home"},"content":{"rendered":"<div data-elementor-type=\"wp-page\" data-elementor-id=\"11\" class=\"elementor elementor-11\" data-elementor-post-type=\"page\">\n\t\t\t\t<div class=\"elementor-element elementor-element-f7f7ecf e-flex e-con-boxed e-con e-parent\" data-id=\"f7f7ecf\" data-element_type=\"container\" data-e-type=\"container\" data-settings=\"{&quot;background_background&quot;:&quot;classic&quot;}\">\n\t\t\t\t\t<div class=\"e-con-inner\">\n\t\t\t\t<div class=\"elementor-element elementor-element-5a7c82b elementor-widget elementor-widget-heading\" data-id=\"5a7c82b\" data-element_type=\"widget\" data-e-type=\"widget\" data-widget_type=\"heading.default\">\n\t\t\t\t\t<h2 class=\"elementor-heading-title elementor-size-default\">El Chafl\u00e1n Hardware Store<\/h2>\t\t\t\t<\/div>\n\t\t\t\t\t<\/div>\n\t\t\t\t<\/div>\n\t\t<div class=\"elementor-element elementor-element-fd18ad6 e-flex e-con-boxed e-con e-parent\" data-id=\"fd18ad6\" data-element_type=\"container\" data-e-type=\"container\" data-settings=\"{&quot;background_background&quot;:&quot;classic&quot;}\">\n\t\t\t\t\t<div class=\"e-con-inner\">\n\t\t<div class=\"elementor-element elementor-element-f320c43 e-con-full e-flex e-con e-child\" data-id=\"f320c43\" data-element_type=\"container\" data-e-type=\"container\">\n\t\t\t\t<div class=\"elementor-element elementor-element-f70031f elementor-widget elementor-widget-heading\" data-id=\"f70031f\" data-element_type=\"widget\" data-e-type=\"widget\" data-widget_type=\"heading.default\">\n\t\t\t\t\t<h2 class=\"elementor-heading-title elementor-size-default\">About us<\/h2>\t\t\t\t<\/div>\n\t\t\t\t<div class=\"elementor-element elementor-element-c50da78 elementor-widget elementor-widget-text-editor\" data-id=\"c50da78\" data-element_type=\"widget\" data-e-type=\"widget\" data-widget_type=\"text-editor.default\">\n\t\t\t\t\t\t\t\t\t<p data-start=\"237\" data-end=\"586\">At Ferreter\u00eda El Chafl\u00e1n, we have been offering comprehensive solutions in the hardware, DIY, and construction sectors for over 21 years. Our experience has allowed us to establish ourselves as a leading company in the import, export, and distribution of a wide range of products for professionals and individuals.<\/p><p data-start=\"588\" data-end=\"925\">We are characterized by a firm commitment to quality, innovation, and personalized service, always guaranteeing customer satisfaction. Since our inception, we have focused on sustainable growth and maintaining strong business relationships with national and international manufacturers and distributors.<\/p>\t\t\t\t\t\t\t\t<\/div>\n\t\t\t\t<\/div>\n\t\t<div class=\"elementor-element elementor-element-eb9f25b e-con-full e-flex e-con e-child\" data-id=\"eb9f25b\" data-element_type=\"container\" data-e-type=\"container\">\n\t\t\t\t<div class=\"elementor-element elementor-element-c2b09bd elementor-widget elementor-widget-image\" data-id=\"c2b09bd\" data-element_type=\"widget\" data-e-type=\"widget\" data-widget_type=\"image.default\">\n\t\t\t\t\t\t\t\t\t\t\t\t\t\t\t<img fetchpriority=\"high\" decoding=\"async\" width=\"595\" height=\"358\" src=\"https:\/\/ferreteriaelchaflan.com\/wp-content\/uploads\/2025\/11\/Captura-desde-2025-11-05-16-22-01.png\" class=\"attachment-large size-large wp-image-123\" alt=\"\" srcset=\"https:\/\/ferreteriaelchaflan.com\/wp-content\/uploads\/2025\/11\/Captura-desde-2025-11-05-16-22-01.png 595w, https:\/\/ferreteriaelchaflan.com\/wp-content\/uploads\/2025\/11\/Captura-desde-2025-11-05-16-22-01-300x181.png 300w, https:\/\/ferreteriaelchaflan.com\/wp-content\/uploads\/2025\/11\/Captura-desde-2025-11-05-16-22-01-18x12.png 18w\" sizes=\"(max-width: 595px) 100vw, 595px\" \/>\t\t\t\t\t\t\t\t\t\t\t\t\t\t\t<\/div>\n\t\t\t\t<\/div>\n\t\t\t\t\t<\/div>\n\t\t\t\t<\/div>\n\t\t<div class=\"elementor-element elementor-element-29fa0b2 e-con-full e-flex e-con e-parent\" data-id=\"29fa0b2\" data-element_type=\"container\" data-e-type=\"container\" data-settings=\"{&quot;background_background&quot;:&quot;classic&quot;}\">\n\t\t\t\t<div class=\"elementor-element elementor-element-f80bf2a elementor-cta--skin-cover elementor-animated-content elementor-bg-transform elementor-bg-transform-zoom-in elementor-widget elementor-widget-call-to-action\" data-id=\"f80bf2a\" data-element_type=\"widget\" data-e-type=\"widget\" data-widget_type=\"call-to-action.default\">\n\t\t\t\t\t\t\t<div class=\"elementor-cta\">\n\t\t\t\t\t<div class=\"elementor-cta__bg-wrapper\">\n\t\t\t\t<div class=\"elementor-cta__bg elementor-bg\" style=\"background-image: url(https:\/\/ferreteriaelchaflan.com\/wp-content\/uploads\/2025\/11\/Captura-desde-2025-11-05-16-24-00-1024x470.png);\" role=\"img\" aria-label=\"Captura desde 2025-11-05 16-24-00\"><\/div>\n\t\t\t\t<div class=\"elementor-cta__bg-overlay\"><\/div>\n\t\t\t<\/div>\n\t\t\t\t\t\t\t<div class=\"elementor-cta__content\">\n\t\t\t\t\n\t\t\t\t\t\t\t\t\t<h2 class=\"elementor-cta__title elementor-cta__content-item elementor-content-item elementor-animated-item--grow\">\n\t\t\t\t\t\tQuality that builds trust.\t\t\t\t\t<\/h2>\n\t\t\t\t\n\t\t\t\t\t\t\t\t\t<div class=\"elementor-cta__description elementor-cta__content-item elementor-content-item elementor-animated-item--grow\">\n\t\t\t\t\t\tInnovation, service and materials that make the difference.\t\t\t\t\t<\/div>\n\t\t\t\t\n\t\t\t\t\t\t\t\t\t<div class=\"elementor-cta__button-wrapper elementor-cta__content-item elementor-content-item elementor-animated-item--grow\">\n\t\t\t\t\t<a class=\"elementor-cta__button elementor-button elementor-size-\" href=\"https:\/\/ferreteriaelchaflan.com\/en\/productos\/\">\n\t\t\t\t\t\tLearn more\t\t\t\t\t<\/a>\n\t\t\t\t\t<\/div>\n\t\t\t\t\t\t\t<\/div>\n\t\t\t\t\t\t<\/div>\n\t\t\t\t\t\t<\/div>\n\t\t\t\t<\/div>\n\t\t\t\t<\/div>","protected":false},"excerpt":{"rendered":"<p>Ferreter\u00eda El Chafl\u00e1n Sobre Nosotros En Ferreter\u00eda El Chafl\u00e1n llevamos m\u00e1s de 21 a\u00f1os ofreciendo soluciones integrales en el sector de la ferreter\u00eda, el bricolaje y la construcci\u00f3n. Nuestra experiencia nos ha permitido consolidarnos como una empresa referente en la importaci\u00f3n, exportaci\u00f3n y distribuci\u00f3n de una amplia gama de productos para profesionales y particulares. Nos [&hellip;]<\/p>\n","protected":false},"author":1,"featured_media":0,"parent":0,"menu_order":0,"comment_status":"closed","ping_status":"closed","template":"elementor_canvas","meta":{"footnotes":""},"class_list":["post-11","page","type-page","status-publish","hentry"],"yoast_head":"<!-- This site is optimized with the Yoast SEO plugin v27.3 - https:\/\/yoast.com\/product\/yoast-seo-wordpress\/ -->\n<title>Inicio - Ferreter\u00eda el Chaflan<\/title>\n<meta name=\"robots\" content=\"index, follow, max-snippet:-1, max-image-preview:large, max-video-preview:-1\" \/>\n<link rel=\"canonical\" href=\"https:\/\/ferreteriaelchaflan.com\/en\/\" \/>\n<meta property=\"og:locale\" content=\"en_GB\" \/>\n<meta property=\"og:type\" content=\"article\" \/>\n<meta property=\"og:title\" content=\"Inicio - Ferreter\u00eda el Chaflan\" \/>\n<meta property=\"og:description\" content=\"Ferreter\u00eda El Chafl\u00e1n Sobre Nosotros En Ferreter\u00eda El Chafl\u00e1n llevamos m\u00e1s de 21 a\u00f1os ofreciendo soluciones integrales en el sector de la ferreter\u00eda, el bricolaje y la construcci\u00f3n. Nuestra experiencia nos ha permitido consolidarnos como una empresa referente en la importaci\u00f3n, exportaci\u00f3n y distribuci\u00f3n de una amplia gama de productos para profesionales y particulares. Nos [&hellip;]\" \/>\n<meta property=\"og:url\" content=\"https:\/\/ferreteriaelchaflan.com\/en\/\" \/>\n<meta property=\"og:site_name\" content=\"Ferreter\u00eda el Chaflan\" \/>\n<meta property=\"article:modified_time\" content=\"2025-11-05T16:27:58+00:00\" \/>\n<meta property=\"og:image\" content=\"https:\/\/ferreteriaelchaflan.com\/wp-content\/uploads\/2025\/11\/Captura-desde-2025-11-05-16-22-01.png\" \/>\n\t<meta property=\"og:image:width\" content=\"595\" \/>\n\t<meta property=\"og:image:height\" content=\"358\" \/>\n\t<meta property=\"og:image:type\" content=\"image\/png\" \/>\n<meta name=\"twitter:card\" content=\"summary_large_image\" \/>\n<meta name=\"twitter:label1\" content=\"Estimated reading time\" \/>\n\t<meta name=\"twitter:data1\" content=\"1 minute\" \/>\n<script type=\"application\/ld+json\" class=\"yoast-schema-graph\">{\"@context\":\"https:\\\/\\\/schema.org\",\"@graph\":[{\"@type\":\"WebPage\",\"@id\":\"https:\\\/\\\/ferreteriaelchaflan.com\\\/\",\"url\":\"https:\\\/\\\/ferreteriaelchaflan.com\\\/\",\"name\":\"Inicio - Ferreter\u00eda el Chaflan\",\"isPartOf\":{\"@id\":\"https:\\\/\\\/ferreteriaelchaflan.com\\\/#website\"},\"primaryImageOfPage\":{\"@id\":\"https:\\\/\\\/ferreteriaelchaflan.com\\\/#primaryimage\"},\"image\":{\"@id\":\"https:\\\/\\\/ferreteriaelchaflan.com\\\/#primaryimage\"},\"thumbnailUrl\":\"https:\\\/\\\/ferreteriaelchaflan.com\\\/wp-content\\\/uploads\\\/2025\\\/11\\\/Captura-desde-2025-11-05-16-22-01.png\",\"datePublished\":\"2025-11-05T14:29:34+00:00\",\"dateModified\":\"2025-11-05T16:27:58+00:00\",\"breadcrumb\":{\"@id\":\"https:\\\/\\\/ferreteriaelchaflan.com\\\/#breadcrumb\"},\"inLanguage\":\"en-GB\",\"potentialAction\":[{\"@type\":\"ReadAction\",\"target\":[\"https:\\\/\\\/ferreteriaelchaflan.com\\\/\"]}]},{\"@type\":\"ImageObject\",\"inLanguage\":\"en-GB\",\"@id\":\"https:\\\/\\\/ferreteriaelchaflan.com\\\/#primaryimage\",\"url\":\"https:\\\/\\\/ferreteriaelchaflan.com\\\/wp-content\\\/uploads\\\/2025\\\/11\\\/Captura-desde-2025-11-05-16-22-01.png\",\"contentUrl\":\"https:\\\/\\\/ferreteriaelchaflan.com\\\/wp-content\\\/uploads\\\/2025\\\/11\\\/Captura-desde-2025-11-05-16-22-01.png\"},{\"@type\":\"BreadcrumbList\",\"@id\":\"https:\\\/\\\/ferreteriaelchaflan.com\\\/#breadcrumb\",\"itemListElement\":[{\"@type\":\"ListItem\",\"position\":1,\"name\":\"Portada\",\"item\":\"https:\\\/\\\/ferreteriaelchaflan.com\\\/\"},{\"@type\":\"ListItem\",\"position\":2,\"name\":\"Inicio\"}]},{\"@type\":\"WebSite\",\"@id\":\"https:\\\/\\\/ferreteriaelchaflan.com\\\/#website\",\"url\":\"https:\\\/\\\/ferreteriaelchaflan.com\\\/\",\"name\":\"Ferreter\u00eda el Chaflan\",\"description\":\"Ferreter\u00eda\",\"publisher\":{\"@id\":\"https:\\\/\\\/ferreteriaelchaflan.com\\\/#organization\"},\"potentialAction\":[{\"@type\":\"SearchAction\",\"target\":{\"@type\":\"EntryPoint\",\"urlTemplate\":\"https:\\\/\\\/ferreteriaelchaflan.com\\\/?s={search_term_string}\"},\"query-input\":{\"@type\":\"PropertyValueSpecification\",\"valueRequired\":true,\"valueName\":\"search_term_string\"}}],\"inLanguage\":\"en-GB\"},{\"@type\":\"Organization\",\"@id\":\"https:\\\/\\\/ferreteriaelchaflan.com\\\/#organization\",\"name\":\"Ferreter\u00eda el Chaflan\",\"url\":\"https:\\\/\\\/ferreteriaelchaflan.com\\\/\",\"logo\":{\"@type\":\"ImageObject\",\"inLanguage\":\"en-GB\",\"@id\":\"https:\\\/\\\/ferreteriaelchaflan.com\\\/#\\\/schema\\\/logo\\\/image\\\/\",\"url\":\"https:\\\/\\\/ferreteriaelchaflan.com\\\/wp-content\\\/uploads\\\/2025\\\/11\\\/cropped-ferreteriachaflan202509_logoarriba.jpg\",\"contentUrl\":\"https:\\\/\\\/ferreteriaelchaflan.com\\\/wp-content\\\/uploads\\\/2025\\\/11\\\/cropped-ferreteriachaflan202509_logoarriba.jpg\",\"width\":176,\"height\":176,\"caption\":\"Ferreter\u00eda el Chaflan\"},\"image\":{\"@id\":\"https:\\\/\\\/ferreteriaelchaflan.com\\\/#\\\/schema\\\/logo\\\/image\\\/\"}}]}<\/script>\n<!-- \/ Yoast SEO plugin. -->","yoast_head_json":{"title":"Inicio - Ferreter\u00eda el Chaflan","robots":{"index":"index","follow":"follow","max-snippet":"max-snippet:-1","max-image-preview":"max-image-preview:large","max-video-preview":"max-video-preview:-1"},"canonical":"https:\/\/ferreteriaelchaflan.com\/en\/","og_locale":"en_GB","og_type":"article","og_title":"Inicio - Ferreter\u00eda el Chaflan","og_description":"Ferreter\u00eda El Chafl\u00e1n Sobre Nosotros En Ferreter\u00eda El Chafl\u00e1n llevamos m\u00e1s de 21 a\u00f1os ofreciendo soluciones integrales en el sector de la ferreter\u00eda, el bricolaje y la construcci\u00f3n. Nuestra experiencia nos ha permitido consolidarnos como una empresa referente en la importaci\u00f3n, exportaci\u00f3n y distribuci\u00f3n de una amplia gama de productos para profesionales y particulares. Nos [&hellip;]","og_url":"https:\/\/ferreteriaelchaflan.com\/en\/","og_site_name":"Ferreter\u00eda el Chaflan","article_modified_time":"2025-11-05T16:27:58+00:00","og_image":[{"width":595,"height":358,"url":"https:\/\/ferreteriaelchaflan.com\/wp-content\/uploads\/2025\/11\/Captura-desde-2025-11-05-16-22-01.png","type":"image\/png"}],"twitter_card":"summary_large_image","twitter_misc":{"Estimated reading time":"1 minute"},"schema":{"@context":"https:\/\/schema.org","@graph":[{"@type":"WebPage","@id":"https:\/\/ferreteriaelchaflan.com\/","url":"https:\/\/ferreteriaelchaflan.com\/","name":"Inicio - Ferreter\u00eda el Chaflan","isPartOf":{"@id":"https:\/\/ferreteriaelchaflan.com\/#website"},"primaryImageOfPage":{"@id":"https:\/\/ferreteriaelchaflan.com\/#primaryimage"},"image":{"@id":"https:\/\/ferreteriaelchaflan.com\/#primaryimage"},"thumbnailUrl":"https:\/\/ferreteriaelchaflan.com\/wp-content\/uploads\/2025\/11\/Captura-desde-2025-11-05-16-22-01.png","datePublished":"2025-11-05T14:29:34+00:00","dateModified":"2025-11-05T16:27:58+00:00","breadcrumb":{"@id":"https:\/\/ferreteriaelchaflan.com\/#breadcrumb"},"inLanguage":"en-GB","potentialAction":[{"@type":"ReadAction","target":["https:\/\/ferreteriaelchaflan.com\/"]}]},{"@type":"ImageObject","inLanguage":"en-GB","@id":"https:\/\/ferreteriaelchaflan.com\/#primaryimage","url":"https:\/\/ferreteriaelchaflan.com\/wp-content\/uploads\/2025\/11\/Captura-desde-2025-11-05-16-22-01.png","contentUrl":"https:\/\/ferreteriaelchaflan.com\/wp-content\/uploads\/2025\/11\/Captura-desde-2025-11-05-16-22-01.png"},{"@type":"BreadcrumbList","@id":"https:\/\/ferreteriaelchaflan.com\/#breadcrumb","itemListElement":[{"@type":"ListItem","position":1,"name":"Portada","item":"https:\/\/ferreteriaelchaflan.com\/"},{"@type":"ListItem","position":2,"name":"Inicio"}]},{"@type":"WebSite","@id":"https:\/\/ferreteriaelchaflan.com\/#website","url":"https:\/\/ferreteriaelchaflan.com\/","name":"Ferreter\u00eda el Chaflan","description":"Ferreter\u00eda","publisher":{"@id":"https:\/\/ferreteriaelchaflan.com\/#organization"},"potentialAction":[{"@type":"SearchAction","target":{"@type":"EntryPoint","urlTemplate":"https:\/\/ferreteriaelchaflan.com\/?s={search_term_string}"},"query-input":{"@type":"PropertyValueSpecification","valueRequired":true,"valueName":"search_term_string"}}],"inLanguage":"en-GB"},{"@type":"Organization","@id":"https:\/\/ferreteriaelchaflan.com\/#organization","name":"Ferreter\u00eda el Chaflan","url":"https:\/\/ferreteriaelchaflan.com\/","logo":{"@type":"ImageObject","inLanguage":"en-GB","@id":"https:\/\/ferreteriaelchaflan.com\/#\/schema\/logo\/image\/","url":"https:\/\/ferreteriaelchaflan.com\/wp-content\/uploads\/2025\/11\/cropped-ferreteriachaflan202509_logoarriba.jpg","contentUrl":"https:\/\/ferreteriaelchaflan.com\/wp-content\/uploads\/2025\/11\/cropped-ferreteriachaflan202509_logoarriba.jpg","width":176,"height":176,"caption":"Ferreter\u00eda el Chaflan"},"image":{"@id":"https:\/\/ferreteriaelchaflan.com\/#\/schema\/logo\/image\/"}}]}},"_links":{"self":[{"href":"https:\/\/ferreteriaelchaflan.com\/en\/wp-json\/wp\/v2\/pages\/11","targetHints":{"allow":["GET"]}}],"collection":[{"href":"https:\/\/ferreteriaelchaflan.com\/en\/wp-json\/wp\/v2\/pages"}],"about":[{"href":"https:\/\/ferreteriaelchaflan.com\/en\/wp-json\/wp\/v2\/types\/page"}],"author":[{"embeddable":true,"href":"https:\/\/ferreteriaelchaflan.com\/en\/wp-json\/wp\/v2\/users\/1"}],"replies":[{"embeddable":true,"href":"https:\/\/ferreteriaelchaflan.com\/en\/wp-json\/wp\/v2\/comments?post=11"}],"version-history":[{"count":31,"href":"https:\/\/ferreteriaelchaflan.com\/en\/wp-json\/wp\/v2\/pages\/11\/revisions"}],"predecessor-version":[{"id":229,"href":"https:\/\/ferreteriaelchaflan.com\/en\/wp-json\/wp\/v2\/pages\/11\/revisions\/229"}],"wp:attachment":[{"href":"https:\/\/ferreteriaelchaflan.com\/en\/wp-json\/wp\/v2\/media?parent=11"}],"curies":[{"name":"wp","href":"https:\/\/api.w.org\/{rel}","templated":true}]}}